{"id":255,"date":"2023-11-13T17:29:52","date_gmt":"2023-11-13T16:29:52","guid":{"rendered":"https:\/\/gsacontadores.com\/?page_id=255"},"modified":"2025-08-05T19:18:07","modified_gmt":"2025-08-05T17:18:07","slug":"contabilidad","status":"publish","type":"page","link":"https:\/\/gsacontadores.com\/index.php\/contabilidad\/","title":{"rendered":"Contabilidad"},"content":{"rendered":"\t\t<div data-elementor-type=\"wp-page\" data-elementor-id=\"255\" class=\"elementor elementor-255\" data-elementor-post-type=\"page\">\n\t\t\t\t\t\t<section class=\"elementor-section elementor-top-section elementor-element elementor-element-641c00e7 elementor-section-boxed elementor-section-height-default elementor-section-height-default wpr-particle-no wpr-jarallax-no wpr-parallax-no wpr-sticky-section-no wpr-equal-height-no\" data-id=\"641c00e7\" data-element_type=\"section\" data-e-type=\"section\" data-settings=\"{&quot;background_background&quot;:&quot;classic&quot;}\">\n\t\t\t\t\t\t\t<div class=\"elementor-background-overlay\"><\/div>\n\t\t\t\t\t\t\t<div class=\"elementor-container elementor-column-gap-default\">\n\t\t\t\t\t<div class=\"elementor-column elementor-col-100 elementor-top-column elementor-element elementor-element-15a2952a\" data-id=\"15a2952a\" data-element_type=\"column\" data-e-type=\"column\">\n\t\t\t<div class=\"elementor-widget-wrap elementor-element-populated\">\n\t\t\t\t\t\t<div class=\"elementor-element elementor-element-711df508 elementor-widget elementor-widget-heading\" data-id=\"711df508\" data-element_type=\"widget\" data-e-type=\"widget\" data-widget_type=\"heading.default\">\n\t\t\t\t<div class=\"elementor-widget-container\">\n\t\t\t\t\t<h2 class=\"elementor-heading-title elementor-size-default\">Contabilidad<\/h2>\t\t\t\t<\/div>\n\t\t\t\t<\/div>\n\t\t\t\t\t<\/div>\n\t\t<\/div>\n\t\t\t\t\t<\/div>\n\t\t<\/section>\n\t\t\t\t<section class=\"elementor-section elementor-top-section elementor-element elementor-element-109c562 elementor-section-boxed elementor-section-height-default elementor-section-height-default wpr-particle-no wpr-jarallax-no wpr-parallax-no wpr-sticky-section-no wpr-equal-height-no\" data-id=\"109c562\" data-element_type=\"section\" data-e-type=\"section\">\n\t\t\t\t\t\t<div class=\"elementor-container elementor-column-gap-default\">\n\t\t\t\t\t<div class=\"elementor-column elementor-col-50 elementor-top-column elementor-element elementor-element-1a0e0202 elementor-invisible\" data-id=\"1a0e0202\" data-element_type=\"column\" data-e-type=\"column\" data-settings=\"{&quot;animation&quot;:&quot;slideInLeft&quot;}\">\n\t\t\t<div class=\"elementor-widget-wrap elementor-element-populated\">\n\t\t\t\t\t\t<div class=\"elementor-element elementor-element-fb4e3cc elementor-widget__width-initial elementor-widget elementor-widget-heading\" data-id=\"fb4e3cc\" data-element_type=\"widget\" data-e-type=\"widget\" data-widget_type=\"heading.default\">\n\t\t\t\t<div class=\"elementor-widget-container\">\n\t\t\t\t\t<h2 class=\"elementor-heading-title elementor-size-default\">\u00bfNecesitas externalizar la contabilidad de tu negocio o de tus actividades personales<\/h2>\t\t\t\t<\/div>\n\t\t\t\t<\/div>\n\t\t\t\t<div class=\"elementor-element elementor-element-6ee9315a elementor-widget elementor-widget-text-editor\" data-id=\"6ee9315a\" data-element_type=\"widget\" data-e-type=\"widget\" data-widget_type=\"text-editor.default\">\n\t\t\t\t<div class=\"elementor-widget-container\">\n\t\t\t\t\t\t\t\t\t<p>\u00a0<\/p><p>En <strong data-renderer-mark=\"true\">GSA<\/strong> te ofrecemos un servicio de calidad, confianza y eficiencia que se adapta a tus necesidades. Somos una firma de contadores p\u00fablicos con amplia experiencia y conocimiento en el \u00e1mbito contable, financiero y tributario. Nuestros servicios de contabilidad externa (outsourcing) incluyen:<\/p>\t\t\t\t\t\t\t\t<\/div>\n\t\t\t\t<\/div>\n\t\t\t\t\t<\/div>\n\t\t<\/div>\n\t\t\t\t<div class=\"elementor-column elementor-col-50 elementor-top-column elementor-element elementor-element-5730ab05 elementor-hidden-tablet elementor-hidden-mobile elementor-invisible\" data-id=\"5730ab05\" data-element_type=\"column\" data-e-type=\"column\" data-settings=\"{&quot;animation&quot;:&quot;slideInRight&quot;}\">\n\t\t\t<div class=\"elementor-widget-wrap elementor-element-populated\">\n\t\t\t\t\t\t<div class=\"elementor-element elementor-element-52184174 elementor-widget elementor-widget-image\" data-id=\"52184174\" data-element_type=\"widget\" data-e-type=\"widget\" data-widget_type=\"image.default\">\n\t\t\t\t<div class=\"elementor-widget-container\">\n\t\t\t\t\t\t\t\t\t\t\t\t\t\t\t<img decoding=\"async\" src=\"https:\/\/gsacontadores.com\/wp-content\/uploads\/elementor\/thumbs\/pexels-mikhail-nilov-8296977-scaled-qfb45vyfze99hab12nppqaludd3y3eool1wp0755bg.jpg\" title=\"pexels-mikhail-nilov-8296977\" alt=\"pexels-mikhail-nilov-8296977\" loading=\"lazy\" \/>\t\t\t\t\t\t\t\t\t\t\t\t\t\t\t<\/div>\n\t\t\t\t<\/div>\n\t\t\t\t\t<\/div>\n\t\t<\/div>\n\t\t\t\t\t<\/div>\n\t\t<\/section>\n\t\t\t\t<section class=\"elementor-section elementor-top-section elementor-element elementor-element-6bfb43b0 elementor-section-boxed elementor-section-height-default elementor-section-height-default wpr-particle-no wpr-jarallax-no wpr-parallax-no wpr-sticky-section-no wpr-equal-height-no\" data-id=\"6bfb43b0\" data-element_type=\"section\" data-e-type=\"section\" data-settings=\"{&quot;background_background&quot;:&quot;classic&quot;,&quot;shape_divider_top&quot;:&quot;mountains&quot;}\">\n\t\t\t\t\t\t\t<div class=\"elementor-background-overlay\"><\/div>\n\t\t\t\t\t\t<div class=\"elementor-shape elementor-shape-top\" aria-hidden=\"true\" data-negative=\"false\">\n\t\t\t<svg xmlns=\"http:\/\/www.w3.org\/2000\/svg\" viewBox=\"0 0 1000 100\" preserveAspectRatio=\"none\">\n\t<path class=\"elementor-shape-fill\" opacity=\"0.33\" d=\"M473,67.3c-203.9,88.3-263.1-34-320.3,0C66,119.1,0,59.7,0,59.7V0h1000v59.7 c0,0-62.1,26.1-94.9,29.3c-32.8,3.3-62.8-12.3-75.8-22.1C806,49.6,745.3,8.7,694.9,4.7S492.4,59,473,67.3z\"\/>\n\t<path class=\"elementor-shape-fill\" opacity=\"0.66\" d=\"M734,67.3c-45.5,0-77.2-23.2-129.1-39.1c-28.6-8.7-150.3-10.1-254,39.1 s-91.7-34.4-149.2,0C115.7,118.3,0,39.8,0,39.8V0h1000v36.5c0,0-28.2-18.5-92.1-18.5C810.2,18.1,775.7,67.3,734,67.3z\"\/>\n\t<path class=\"elementor-shape-fill\" d=\"M766.1,28.9c-200-57.5-266,65.5-395.1,19.5C242,1.8,242,5.4,184.8,20.6C128,35.8,132.3,44.9,89.9,52.5C28.6,63.7,0,0,0,0 h1000c0,0-9.9,40.9-83.6,48.1S829.6,47,766.1,28.9z\"\/>\n<\/svg>\t\t<\/div>\n\t\t\t\t\t<div class=\"elementor-container elementor-column-gap-default\">\n\t\t\t\t\t<div class=\"elementor-column elementor-col-100 elementor-top-column elementor-element elementor-element-5b2cf3ab elementor-invisible\" data-id=\"5b2cf3ab\" data-element_type=\"column\" data-e-type=\"column\" data-settings=\"{&quot;animation&quot;:&quot;zoomIn&quot;}\">\n\t\t\t<div class=\"elementor-widget-wrap elementor-element-populated\">\n\t\t\t\t\t\t<div class=\"elementor-element elementor-element-539c0c26 wpr-feature-list-left wpr-feature-list-square wpr-feature-list-line-yes elementor-widget elementor-widget-wpr-feature-list\" data-id=\"539c0c26\" data-element_type=\"widget\" data-e-type=\"widget\" data-widget_type=\"wpr-feature-list.default\">\n\t\t\t\t<div class=\"elementor-widget-container\">\n\t\t\t\t\t<div class=\"wpr-feature-list-wrap\"><ul class=\"wpr-feature-list\"><li class=\"wpr-feature-list-item elementor-repeater-item-99ca752\"><div class=\"wpr-feature-list-icon-wrap\"><span class=\"wpr-feature-list-line\"><\/span><div class=\"wpr-feature-list-icon-inner-wrap\"><svg aria-hidden=\"true\" class=\"e-font-icon-svg e-fas-info-circle\" viewBox=\"0 0 512 512\" xmlns=\"http:\/\/www.w3.org\/2000\/svg\"><path d=\"M256 8C119.043 8 8 119.083 8 256c0 136.997 111.043 248 248 248s248-111.003 248-248C504 119.083 392.957 8 256 8zm0 110c23.196 0 42 18.804 42 42s-18.804 42-42 42-42-18.804-42-42 18.804-42 42-42zm56 254c0 6.627-5.373 12-12 12h-88c-6.627 0-12-5.373-12-12v-24c0-6.627 5.373-12 12-12h12v-64h-12c-6.627 0-12-5.373-12-12v-24c0-6.627 5.373-12 12-12h64c6.627 0 12 5.373 12 12v100h12c6.627 0 12 5.373 12 12v24z\"><\/path><\/svg><\/div><\/div><div class=\"wpr-feature-list-content-wrap\"><h2 class=\"wpr-feature-list-title\"><a class=\"wpr-feature-list-url\" target=\"_blank\" rel=\"nofollow\"><\/a><\/h2><p class=\"wpr-feature-list-description\"><font size=\"4\">Registro y procesamiento de la informaci\u00f3n contable y los libros de contabilidad: Registramos todas las operaciones contables de tu negocio o de tus actividades personales, utilizando sistemas inform\u00e1ticos modernos y seguros.<\/p><\/div><\/li><li class=\"wpr-feature-list-item elementor-repeater-item-c0b41e1\"><div class=\"wpr-feature-list-icon-wrap\"><span class=\"wpr-feature-list-line\"><\/span><div class=\"wpr-feature-list-icon-inner-wrap\"><svg aria-hidden=\"true\" class=\"e-font-icon-svg e-fas-stamp\" viewBox=\"0 0 512 512\" xmlns=\"http:\/\/www.w3.org\/2000\/svg\"><path d=\"M32 512h448v-64H32v64zm384-256h-66.56c-16.26 0-29.44-13.18-29.44-29.44v-9.46c0-27.37 8.88-53.41 21.46-77.72 9.11-17.61 12.9-38.39 9.05-60.42-6.77-38.78-38.47-70.7-77.26-77.45C212.62-9.04 160 37.33 160 96c0 14.16 3.12 27.54 8.69 39.58C182.02 164.43 192 194.7 192 226.49v.07c0 16.26-13.18 29.44-29.44 29.44H96c-53.02 0-96 42.98-96 96v32c0 17.67 14.33 32 32 32h448c17.67 0 32-14.33 32-32v-32c0-53.02-42.98-96-96-96z\"><\/path><\/svg><\/div><\/div><div class=\"wpr-feature-list-content-wrap\"><h2 class=\"wpr-feature-list-title\"><a class=\"wpr-feature-list-url\" target=\"_blank\" rel=\"nofollow\"><\/a><\/h2><p class=\"wpr-feature-list-description\">Elaboraci\u00f3n y presentaci\u00f3n de estados financieros: Te asesoramos y asistimos en la elaboraci\u00f3n y presentaci\u00f3n de los estados financieros, de acuerdo con las normas internacionales de informaci\u00f3n financiera (NIIF) y las normas venezolanas de informaci\u00f3n financiera (VEN-NIF) y a valores hist\u00f3ricos para cumplimiento con la normativa fiscal Venezolana.<\/p><\/div><\/li><li class=\"wpr-feature-list-item elementor-repeater-item-91550ec\"><div class=\"wpr-feature-list-icon-wrap\"><span class=\"wpr-feature-list-line\"><\/span><div class=\"wpr-feature-list-icon-inner-wrap\"><svg aria-hidden=\"true\" class=\"e-font-icon-svg e-far-hand-pointer\" viewBox=\"0 0 448 512\" xmlns=\"http:\/\/www.w3.org\/2000\/svg\"><path d=\"M358.182 179.361c-19.493-24.768-52.679-31.945-79.872-19.098-15.127-15.687-36.182-22.487-56.595-19.629V67c0-36.944-29.736-67-66.286-67S89.143 30.056 89.143 67v161.129c-19.909-7.41-43.272-5.094-62.083 8.872-29.355 21.795-35.793 63.333-14.55 93.152l109.699 154.001C134.632 501.59 154.741 512 176 512h178.286c30.802 0 57.574-21.5 64.557-51.797l27.429-118.999A67.873 67.873 0 0 0 448 326v-84c0-46.844-46.625-79.273-89.818-62.639zM80.985 279.697l27.126 38.079c8.995 12.626 29.031 6.287 29.031-9.283V67c0-25.12 36.571-25.16 36.571 0v175c0 8.836 7.163 16 16 16h6.857c8.837 0 16-7.164 16-16v-35c0-25.12 36.571-25.16 36.571 0v35c0 8.836 7.163 16 16 16H272c8.837 0 16-7.164 16-16v-21c0-25.12 36.571-25.16 36.571 0v21c0 8.836 7.163 16 16 16h6.857c8.837 0 16-7.164 16-16 0-25.121 36.571-25.16 36.571 0v84c0 1.488-.169 2.977-.502 4.423l-27.43 119.001c-1.978 8.582-9.29 14.576-17.782 14.576H176c-5.769 0-11.263-2.878-14.697-7.697l-109.712-154c-14.406-20.223 14.994-42.818 29.394-22.606zM176.143 400v-96c0-8.837 6.268-16 14-16h6c7.732 0 14 7.163 14 16v96c0 8.837-6.268 16-14 16h-6c-7.733 0-14-7.163-14-16zm75.428 0v-96c0-8.837 6.268-16 14-16h6c7.732 0 14 7.163 14 16v96c0 8.837-6.268 16-14 16h-6c-7.732 0-14-7.163-14-16zM327 400v-96c0-8.837 6.268-16 14-16h6c7.732 0 14 7.163 14 16v96c0 8.837-6.268 16-14 16h-6c-7.732 0-14-7.163-14-16z\"><\/path><\/svg><\/div><\/div><div class=\"wpr-feature-list-content-wrap\"><h2 class=\"wpr-feature-list-title\"><a class=\"wpr-feature-list-url\" target=\"_blank\" rel=\"nofollow\"><\/a><\/h2><p class=\"wpr-feature-list-description\">Conciliaci\u00f3n bancaria: Te ayudamos a verificar y conciliar los movimientos bancarios con los registros contables, para asegurar la exactitud y transparencia de la informaci\u00f3n financiera.<\/p><\/div><\/li><li class=\"wpr-feature-list-item elementor-repeater-item-1e10307\"><div class=\"wpr-feature-list-icon-wrap\"><span class=\"wpr-feature-list-line\"><\/span><div class=\"wpr-feature-list-icon-inner-wrap\"><svg aria-hidden=\"true\" class=\"e-font-icon-svg e-far-bookmark\" viewBox=\"0 0 384 512\" xmlns=\"http:\/\/www.w3.org\/2000\/svg\"><path d=\"M336 0H48C21.49 0 0 21.49 0 48v464l192-112 192 112V48c0-26.51-21.49-48-48-48zm0 428.43l-144-84-144 84V54a6 6 0 0 1 6-6h276c3.314 0 6 2.683 6 5.996V428.43z\"><\/path><\/svg><\/div><\/div><div class=\"wpr-feature-list-content-wrap\"><h2 class=\"wpr-feature-list-title\"><a class=\"wpr-feature-list-url\" target=\"_blank\" rel=\"nofollow\"><\/a><\/h2><p class=\"wpr-feature-list-description\">An\u00e1lisis e interpretaci\u00f3n de la informaci\u00f3n financiera: Te ofrecemos un servicio de an\u00e1lisis e interpretaci\u00f3n de la informaci\u00f3n financiera, para que puedas tomar decisiones estrat\u00e9gicas basadas en datos confiables y relevantes.<\/p><\/div><\/li><li class=\"wpr-feature-list-item elementor-repeater-item-fd1fd6d\"><div class=\"wpr-feature-list-icon-wrap\"><span class=\"wpr-feature-list-line\"><\/span><div class=\"wpr-feature-list-icon-inner-wrap\"><svg aria-hidden=\"true\" class=\"e-font-icon-svg e-fas-tasks\" viewBox=\"0 0 512 512\" xmlns=\"http:\/\/www.w3.org\/2000\/svg\"><path d=\"M139.61 35.5a12 12 0 0 0-17 0L58.93 98.81l-22.7-22.12a12 12 0 0 0-17 0L3.53 92.41a12 12 0 0 0 0 17l47.59 47.4a12.78 12.78 0 0 0 17.61 0l15.59-15.62L156.52 69a12.09 12.09 0 0 0 .09-17zm0 159.19a12 12 0 0 0-17 0l-63.68 63.72-22.7-22.1a12 12 0 0 0-17 0L3.53 252a12 12 0 0 0 0 17L51 316.5a12.77 12.77 0 0 0 17.6 0l15.7-15.69 72.2-72.22a12 12 0 0 0 .09-16.9zM64 368c-26.49 0-48.59 21.5-48.59 48S37.53 464 64 464a48 48 0 0 0 0-96zm432 16H208a16 16 0 0 0-16 16v32a16 16 0 0 0 16 16h288a16 16 0 0 0 16-16v-32a16 16 0 0 0-16-16zm0-320H208a16 16 0 0 0-16 16v32a16 16 0 0 0 16 16h288a16 16 0 0 0 16-16V80a16 16 0 0 0-16-16zm0 160H208a16 16 0 0 0-16 16v32a16 16 0 0 0 16 16h288a16 16 0 0 0 16-16v-32a16 16 0 0 0-16-16z\"><\/path><\/svg><\/div><\/div><div class=\"wpr-feature-list-content-wrap\"><h2 class=\"wpr-feature-list-title\"><a class=\"wpr-feature-list-url\" target=\"_blank\" rel=\"nofollow\"><\/a><\/h2><p class=\"wpr-feature-list-description\">Asesor\u00eda contable, financiera y tributaria: Te brindamos una asesor\u00eda integral en materia contable, financiera y tributaria, para que puedas cumplir con tus obligaciones legales y optimizar tu gesti\u00f3n empresarial o personal.<\/p><\/div><\/li><\/ul><\/div>\t\t\t\t<\/div>\n\t\t\t\t<\/div>\n\t\t\t\t\t<\/div>\n\t\t<\/div>\n\t\t\t\t\t<\/div>\n\t\t<\/section>\n\t\t\t\t<section class=\"elementor-section elementor-top-section elementor-element elementor-element-35ab562e elementor-section-boxed elementor-section-height-default elementor-section-height-default wpr-particle-no wpr-jarallax-no wpr-parallax-no wpr-sticky-section-no wpr-equal-height-no\" data-id=\"35ab562e\" data-element_type=\"section\" data-e-type=\"section\" data-settings=\"{&quot;background_background&quot;:&quot;classic&quot;}\">\n\t\t\t\t\t\t<div class=\"elementor-container elementor-column-gap-default\">\n\t\t\t\t\t<div class=\"elementor-column elementor-col-33 elementor-top-column elementor-element elementor-element-683e9cc3\" data-id=\"683e9cc3\" data-element_type=\"column\" data-e-type=\"column\">\n\t\t\t<div class=\"elementor-widget-wrap elementor-element-populated\">\n\t\t\t\t\t\t<div class=\"elementor-element elementor-element-12762010 wpr-logo-position-center elementor-widget elementor-widget-wpr-logo\" data-id=\"12762010\" data-element_type=\"widget\" data-e-type=\"widget\" data-widget_type=\"wpr-logo.default\">\n\t\t\t\t<div class=\"elementor-widget-container\">\n\t\t\t\t\t\t\t\t\n\t\t\t<div class=\"wpr-logo elementor-clearfix\">\n\n\t\t\t\t\n\t\t\t\t\n\t\t\t\t\t\t\t\t\t<a class=\"wpr-logo-url\" rel=\"home\" aria-label=\"\" href=\"https:\/\/gsacontadores.com\/\"><\/a>\n\t\t\t\t\n\t\t\t<\/div>\n\t\t\t\t\n\t\t\t\t\t\t<\/div>\n\t\t\t\t<\/div>\n\t\t\t\t<div class=\"elementor-element elementor-element-33506493 elementor-widget elementor-widget-text-editor\" data-id=\"33506493\" data-element_type=\"widget\" data-e-type=\"widget\" data-widget_type=\"text-editor.default\">\n\t\t\t\t<div class=\"elementor-widget-container\">\n\t\t\t\t\t\t\t\t\t<p>\u00a92023 Gonz\u00e1lez, S\u00e1nchez &amp; Asociados S.C. RIF J303014780<\/p>\t\t\t\t\t\t\t\t<\/div>\n\t\t\t\t<\/div>\n\t\t\t\t\t<\/div>\n\t\t<\/div>\n\t\t\t\t<div class=\"elementor-column elementor-col-33 elementor-top-column elementor-element elementor-element-63acdb08\" data-id=\"63acdb08\" data-element_type=\"column\" data-e-type=\"column\">\n\t\t\t<div class=\"elementor-widget-wrap elementor-element-populated\">\n\t\t\t\t\t\t<div class=\"elementor-element elementor-element-2cee360b elementor-grid-3 elementor-shape-rounded e-grid-align-center elementor-widget elementor-widget-social-icons\" data-id=\"2cee360b\" data-element_type=\"widget\" data-e-type=\"widget\" data-widget_type=\"social-icons.default\">\n\t\t\t\t<div class=\"elementor-widget-container\">\n\t\t\t\t\t\t\t<div class=\"elementor-social-icons-wrapper elementor-grid\" role=\"list\">\n\t\t\t\t\t\t\t<span class=\"elementor-grid-item\" role=\"listitem\">\n\t\t\t\t\t<a class=\"elementor-icon elementor-social-icon elementor-social-icon-instagram elementor-repeater-item-8c36886\" href=\"https:\/\/www.instagram.com\/gsacontadores\/\" target=\"_blank\">\n\t\t\t\t\t\t<span class=\"elementor-screen-only\">Instagram<\/span>\n\t\t\t\t\t\t<svg aria-hidden=\"true\" class=\"e-font-icon-svg e-fab-instagram\" viewBox=\"0 0 448 512\" xmlns=\"http:\/\/www.w3.org\/2000\/svg\"><path d=\"M224.1 141c-63.6 0-114.9 51.3-114.9 114.9s51.3 114.9 114.9 114.9S339 319.5 339 255.9 287.7 141 224.1 141zm0 189.6c-41.1 0-74.7-33.5-74.7-74.7s33.5-74.7 74.7-74.7 74.7 33.5 74.7 74.7-33.6 74.7-74.7 74.7zm146.4-194.3c0 14.9-12 26.8-26.8 26.8-14.9 0-26.8-12-26.8-26.8s12-26.8 26.8-26.8 26.8 12 26.8 26.8zm76.1 27.2c-1.7-35.9-9.9-67.7-36.2-93.9-26.2-26.2-58-34.4-93.9-36.2-37-2.1-147.9-2.1-184.9 0-35.8 1.7-67.6 9.9-93.9 36.1s-34.4 58-36.2 93.9c-2.1 37-2.1 147.9 0 184.9 1.7 35.9 9.9 67.7 36.2 93.9s58 34.4 93.9 36.2c37 2.1 147.9 2.1 184.9 0 35.9-1.7 67.7-9.9 93.9-36.2 26.2-26.2 34.4-58 36.2-93.9 2.1-37 2.1-147.8 0-184.8zM398.8 388c-7.8 19.6-22.9 34.7-42.6 42.6-29.5 11.7-99.5 9-132.1 9s-102.7 2.6-132.1-9c-19.6-7.8-34.7-22.9-42.6-42.6-11.7-29.5-9-99.5-9-132.1s-2.6-102.7 9-132.1c7.8-19.6 22.9-34.7 42.6-42.6 29.5-11.7 99.5-9 132.1-9s102.7-2.6 132.1 9c19.6 7.8 34.7 22.9 42.6 42.6 11.7 29.5 9 99.5 9 132.1s2.7 102.7-9 132.1z\"><\/path><\/svg>\t\t\t\t\t<\/a>\n\t\t\t\t<\/span>\n\t\t\t\t\t\t\t<span class=\"elementor-grid-item\" role=\"listitem\">\n\t\t\t\t\t<a class=\"elementor-icon elementor-social-icon elementor-social-icon-twitter elementor-repeater-item-785bba2\" href=\"https:\/\/twitter.com\/gsacontadores\/status\/1318186200042188804\" target=\"_blank\">\n\t\t\t\t\t\t<span class=\"elementor-screen-only\">Twitter<\/span>\n\t\t\t\t\t\t<svg aria-hidden=\"true\" class=\"e-font-icon-svg e-fab-twitter\" viewBox=\"0 0 512 512\" xmlns=\"http:\/\/www.w3.org\/2000\/svg\"><path d=\"M459.37 151.716c.325 4.548.325 9.097.325 13.645 0 138.72-105.583 298.558-298.558 298.558-59.452 0-114.68-17.219-161.137-47.106 8.447.974 16.568 1.299 25.34 1.299 49.055 0 94.213-16.568 130.274-44.832-46.132-.975-84.792-31.188-98.112-72.772 6.498.974 12.995 1.624 19.818 1.624 9.421 0 18.843-1.3 27.614-3.573-48.081-9.747-84.143-51.98-84.143-102.985v-1.299c13.969 7.797 30.214 12.67 47.431 13.319-28.264-18.843-46.781-51.005-46.781-87.391 0-19.492 5.197-37.36 14.294-52.954 51.655 63.675 129.3 105.258 216.365 109.807-1.624-7.797-2.599-15.918-2.599-24.04 0-57.828 46.782-104.934 104.934-104.934 30.213 0 57.502 12.67 76.67 33.137 23.715-4.548 46.456-13.32 66.599-25.34-7.798 24.366-24.366 44.833-46.132 57.827 21.117-2.273 41.584-8.122 60.426-16.243-14.292 20.791-32.161 39.308-52.628 54.253z\"><\/path><\/svg>\t\t\t\t\t<\/a>\n\t\t\t\t<\/span>\n\t\t\t\t\t<\/div>\n\t\t\t\t\t\t<\/div>\n\t\t\t\t<\/div>\n\t\t\t\t\t<\/div>\n\t\t<\/div>\n\t\t\t\t<div class=\"elementor-column elementor-col-33 elementor-top-column elementor-element elementor-element-5b62e205\" data-id=\"5b62e205\" data-element_type=\"column\" data-e-type=\"column\">\n\t\t\t<div class=\"elementor-widget-wrap elementor-element-populated\">\n\t\t\t\t\t\t<div class=\"elementor-element elementor-element-65a7b5c5 elementor-widget elementor-widget-image\" data-id=\"65a7b5c5\" data-element_type=\"widget\" data-e-type=\"widget\" data-widget_type=\"image.default\">\n\t\t\t\t<div class=\"elementor-widget-container\">\n\t\t\t\t\t\t\t\t\t\t\t\t\t\t\t<img decoding=\"async\" src=\"https:\/\/gsacontadores.com\/wp-content\/uploads\/elementor\/thumbs\/cropped-gsa-qetnhnmcv6rlimg3rqp2z8pwhnwxwggerh25j5d1v2.png\" title=\"cropped-gsa.png\" alt=\"cropped-gsa.png\" loading=\"lazy\" \/>\t\t\t\t\t\t\t\t\t\t\t\t\t\t\t<\/div>\n\t\t\t\t<\/div>\n\t\t\t\t\t<\/div>\n\t\t<\/div>\n\t\t\t\t\t<\/div>\n\t\t<\/section>\n\t\t\t\t<\/div>\n\t\t","protected":false},"excerpt":{"rendered":"<p>Contabilidad \u00bfNecesitas externalizar la contabilidad de tu negocio o de tus actividades personales \u00a0 En GSA te ofrecemos un servicio de calidad, confianza y eficiencia que se adapta a tus necesidades. Somos una firma de contadores p\u00fablicos con amplia experiencia y conocimiento en el \u00e1mbito contable, financiero y tributario. Nuestros servicios de contabilidad externa (outsourcing) incluyen: Registro y procesamiento de la informaci\u00f3n contable y los libros de contabilidad: Registramos todas las operaciones contables de tu negocio o de tus actividades personales, utilizando sistemas inform\u00e1ticos modernos y seguros. Elaboraci\u00f3n y presentaci\u00f3n de estados financieros: Te asesoramos y asistimos en la elaboraci\u00f3n y presentaci\u00f3n de los estados financieros, de acuerdo con las normas internacionales de informaci\u00f3n financiera (NIIF) y las normas venezolanas de informaci\u00f3n financiera (VEN-NIF) y a valores hist\u00f3ricos para cumplimiento con la normativa fiscal Venezolana. Conciliaci\u00f3n bancaria: Te ayudamos a verificar y conciliar los movimientos bancarios con los registros contables, para asegurar la exactitud y transparencia de la informaci\u00f3n financiera. An\u00e1lisis e interpretaci\u00f3n de la informaci\u00f3n financiera: Te ofrecemos un servicio de an\u00e1lisis e interpretaci\u00f3n de la informaci\u00f3n financiera, para que puedas tomar decisiones estrat\u00e9gicas basadas en datos confiables y relevantes. Asesor\u00eda contable, financiera y tributaria: Te brindamos una asesor\u00eda integral en materia contable, financiera y tributaria, para que puedas cumplir con tus obligaciones legales y optimizar tu gesti\u00f3n empresarial o personal. \u00a92023 Gonz\u00e1lez, S\u00e1nchez &amp; Asociados S.C. RIF J303014780 Instagram Twitter<\/p>\n","protected":false},"author":1,"featured_media":0,"parent":0,"menu_order":0,"comment_status":"closed","ping_status":"closed","template":"","meta":{"footnotes":""},"class_list":["post-255","page","type-page","status-publish","hentry"],"rttpg_featured_image_url":null,"rttpg_author":{"display_name":"Gilberto Gonz\u00e1lez","author_link":"https:\/\/gsacontadores.com\/index.php\/author\/gigacon\/"},"rttpg_comment":0,"rttpg_category":null,"rttpg_excerpt":"Contabilidad \u00bfNecesitas externalizar la contabilidad de tu negocio o de tus actividades personales \u00a0 En GSA te ofrecemos un servicio de calidad, confianza y eficiencia que se adapta a tus necesidades. Somos una firma de contadores p\u00fablicos con amplia experiencia y conocimiento en el \u00e1mbito contable, financiero y tributario. Nuestros servicios de contabilidad externa (outsourcing)&hellip;","_links":{"self":[{"href":"https:\/\/gsacontadores.com\/index.php\/wp-json\/wp\/v2\/pages\/255","targetHints":{"allow":["GET"]}}],"collection":[{"href":"https:\/\/gsacontadores.com\/index.php\/wp-json\/wp\/v2\/pages"}],"about":[{"href":"https:\/\/gsacontadores.com\/index.php\/wp-json\/wp\/v2\/types\/page"}],"author":[{"embeddable":true,"href":"https:\/\/gsacontadores.com\/index.php\/wp-json\/wp\/v2\/users\/1"}],"replies":[{"embeddable":true,"href":"https:\/\/gsacontadores.com\/index.php\/wp-json\/wp\/v2\/comments?post=255"}],"version-history":[{"count":22,"href":"https:\/\/gsacontadores.com\/index.php\/wp-json\/wp\/v2\/pages\/255\/revisions"}],"predecessor-version":[{"id":859,"href":"https:\/\/gsacontadores.com\/index.php\/wp-json\/wp\/v2\/pages\/255\/revisions\/859"}],"wp:attachment":[{"href":"https:\/\/gsacontadores.com\/index.php\/wp-json\/wp\/v2\/media?parent=255"}],"curies":[{"name":"wp","href":"https:\/\/api.w.org\/{rel}","templated":true}]}}