{"id":356,"date":"2023-11-13T18:41:21","date_gmt":"2023-11-13T17:41:21","guid":{"rendered":"https:\/\/gsacontadores.com\/?page_id=356"},"modified":"2025-08-05T19:17:34","modified_gmt":"2025-08-05T17:17:34","slug":"consultoria-financiera","status":"publish","type":"page","link":"https:\/\/gsacontadores.com\/index.php\/consultoria-financiera\/","title":{"rendered":"Consultor\u00eda financiera\u200b"},"content":{"rendered":"\t\t<div data-elementor-type=\"wp-page\" data-elementor-id=\"356\" class=\"elementor elementor-356\" data-elementor-post-type=\"page\">\n\t\t\t\t\t\t<section class=\"elementor-section elementor-top-section elementor-element elementor-element-650c039e elementor-section-boxed elementor-section-height-default elementor-section-height-default wpr-particle-no wpr-jarallax-no wpr-parallax-no wpr-sticky-section-no wpr-equal-height-no\" data-id=\"650c039e\" data-element_type=\"section\" data-e-type=\"section\" data-settings=\"{&quot;background_background&quot;:&quot;classic&quot;}\">\n\t\t\t\t\t\t\t<div class=\"elementor-background-overlay\"><\/div>\n\t\t\t\t\t\t\t<div class=\"elementor-container elementor-column-gap-default\">\n\t\t\t\t\t<div class=\"elementor-column elementor-col-100 elementor-top-column elementor-element elementor-element-17829027\" data-id=\"17829027\" data-element_type=\"column\" data-e-type=\"column\">\n\t\t\t<div class=\"elementor-widget-wrap elementor-element-populated\">\n\t\t\t\t\t\t<div class=\"elementor-element elementor-element-7d6e4b5e elementor-widget elementor-widget-heading\" data-id=\"7d6e4b5e\" data-element_type=\"widget\" data-e-type=\"widget\" data-widget_type=\"heading.default\">\n\t\t\t\t<div class=\"elementor-widget-container\">\n\t\t\t\t\t<h2 class=\"elementor-heading-title elementor-size-default\">Consultor\u00eda financiera\u200b<\/h2>\t\t\t\t<\/div>\n\t\t\t\t<\/div>\n\t\t\t\t\t<\/div>\n\t\t<\/div>\n\t\t\t\t\t<\/div>\n\t\t<\/section>\n\t\t\t\t<section class=\"elementor-section elementor-top-section elementor-element elementor-element-76fbdb48 elementor-section-boxed elementor-section-height-default elementor-section-height-default wpr-particle-no wpr-jarallax-no wpr-parallax-no wpr-sticky-section-no wpr-equal-height-no\" data-id=\"76fbdb48\" data-element_type=\"section\" data-e-type=\"section\">\n\t\t\t\t\t\t<div class=\"elementor-container elementor-column-gap-default\">\n\t\t\t\t\t<div class=\"elementor-column elementor-col-50 elementor-top-column elementor-element elementor-element-52018943 elementor-invisible\" data-id=\"52018943\" data-element_type=\"column\" data-e-type=\"column\" data-settings=\"{&quot;animation&quot;:&quot;slideInLeft&quot;}\">\n\t\t\t<div class=\"elementor-widget-wrap elementor-element-populated\">\n\t\t\t\t\t\t<div class=\"elementor-element elementor-element-50d8429 elementor-widget__width-initial elementor-widget elementor-widget-heading\" data-id=\"50d8429\" data-element_type=\"widget\" data-e-type=\"widget\" data-widget_type=\"heading.default\">\n\t\t\t\t<div class=\"elementor-widget-container\">\n\t\t\t\t\t<h2 class=\"elementor-heading-title elementor-size-default\">\u00bfQuieres ahorrar, planificar y mejorar tu situaci\u00f3n financiera? <\/h2>\t\t\t\t<\/div>\n\t\t\t\t<\/div>\n\t\t\t\t<div class=\"elementor-element elementor-element-14bda762 elementor-widget elementor-widget-text-editor\" data-id=\"14bda762\" data-element_type=\"widget\" data-e-type=\"widget\" data-widget_type=\"text-editor.default\">\n\t\t\t\t<div class=\"elementor-widget-container\">\n\t\t\t\t\t\t\t\t\t<p>\u00a0<\/p><p>En <strong data-renderer-mark=\"true\">GSA<\/strong> ofrecemos un servicio de calidad, profesional y personalizado que se adapta a tus necesidades. Nuestros servicios de consultor\u00eda financiera incluyen:<\/p>\t\t\t\t\t\t\t\t<\/div>\n\t\t\t\t<\/div>\n\t\t\t\t\t<\/div>\n\t\t<\/div>\n\t\t\t\t<div class=\"elementor-column elementor-col-50 elementor-top-column elementor-element elementor-element-4e055a7c elementor-hidden-tablet elementor-hidden-mobile elementor-invisible\" data-id=\"4e055a7c\" data-element_type=\"column\" data-e-type=\"column\" data-settings=\"{&quot;animation&quot;:&quot;slideInRight&quot;}\">\n\t\t\t<div class=\"elementor-widget-wrap elementor-element-populated\">\n\t\t\t\t\t\t<div class=\"elementor-element elementor-element-605a1315 elementor-widget elementor-widget-image\" data-id=\"605a1315\" data-element_type=\"widget\" data-e-type=\"widget\" data-widget_type=\"image.default\">\n\t\t\t\t<div class=\"elementor-widget-container\">\n\t\t\t\t\t\t\t\t\t\t\t\t\t\t\t<img decoding=\"async\" src=\"https:\/\/gsacontadores.com\/wp-content\/uploads\/elementor\/thumbs\/pexels-sora-shimazaki-5669602-scaled-qfb7ef05ux5wdog7ny514vi7vrmt1hwzwz0dwcc8fg.jpg\" title=\"pexels-sora-shimazaki-5669602\" alt=\"pexels-sora-shimazaki-5669602\" loading=\"lazy\" \/>\t\t\t\t\t\t\t\t\t\t\t\t\t\t\t<\/div>\n\t\t\t\t<\/div>\n\t\t\t\t\t<\/div>\n\t\t<\/div>\n\t\t\t\t\t<\/div>\n\t\t<\/section>\n\t\t\t\t<section class=\"elementor-section elementor-top-section elementor-element elementor-element-6335cd2b elementor-section-boxed elementor-section-height-default elementor-section-height-default wpr-particle-no wpr-jarallax-no wpr-parallax-no wpr-sticky-section-no wpr-equal-height-no\" data-id=\"6335cd2b\" data-element_type=\"section\" data-e-type=\"section\" data-settings=\"{&quot;background_background&quot;:&quot;classic&quot;,&quot;shape_divider_top&quot;:&quot;mountains&quot;}\">\n\t\t\t\t\t\t\t<div class=\"elementor-background-overlay\"><\/div>\n\t\t\t\t\t\t<div class=\"elementor-shape elementor-shape-top\" aria-hidden=\"true\" data-negative=\"false\">\n\t\t\t<svg xmlns=\"http:\/\/www.w3.org\/2000\/svg\" viewBox=\"0 0 1000 100\" preserveAspectRatio=\"none\">\n\t<path class=\"elementor-shape-fill\" opacity=\"0.33\" d=\"M473,67.3c-203.9,88.3-263.1-34-320.3,0C66,119.1,0,59.7,0,59.7V0h1000v59.7 c0,0-62.1,26.1-94.9,29.3c-32.8,3.3-62.8-12.3-75.8-22.1C806,49.6,745.3,8.7,694.9,4.7S492.4,59,473,67.3z\"\/>\n\t<path class=\"elementor-shape-fill\" opacity=\"0.66\" d=\"M734,67.3c-45.5,0-77.2-23.2-129.1-39.1c-28.6-8.7-150.3-10.1-254,39.1 s-91.7-34.4-149.2,0C115.7,118.3,0,39.8,0,39.8V0h1000v36.5c0,0-28.2-18.5-92.1-18.5C810.2,18.1,775.7,67.3,734,67.3z\"\/>\n\t<path class=\"elementor-shape-fill\" d=\"M766.1,28.9c-200-57.5-266,65.5-395.1,19.5C242,1.8,242,5.4,184.8,20.6C128,35.8,132.3,44.9,89.9,52.5C28.6,63.7,0,0,0,0 h1000c0,0-9.9,40.9-83.6,48.1S829.6,47,766.1,28.9z\"\/>\n<\/svg>\t\t<\/div>\n\t\t\t\t\t<div class=\"elementor-container elementor-column-gap-default\">\n\t\t\t\t\t<div class=\"elementor-column elementor-col-100 elementor-top-column elementor-element elementor-element-68b79436 elementor-invisible\" data-id=\"68b79436\" data-element_type=\"column\" data-e-type=\"column\" data-settings=\"{&quot;animation&quot;:&quot;zoomIn&quot;}\">\n\t\t\t<div class=\"elementor-widget-wrap elementor-element-populated\">\n\t\t\t\t\t\t<div class=\"elementor-element elementor-element-228d06ce wpr-feature-list-left wpr-feature-list-square wpr-feature-list-line-yes elementor-widget elementor-widget-wpr-feature-list\" data-id=\"228d06ce\" data-element_type=\"widget\" data-e-type=\"widget\" data-widget_type=\"wpr-feature-list.default\">\n\t\t\t\t<div class=\"elementor-widget-container\">\n\t\t\t\t\t<div class=\"wpr-feature-list-wrap\"><ul class=\"wpr-feature-list\"><li class=\"wpr-feature-list-item elementor-repeater-item-99ca752\"><div class=\"wpr-feature-list-icon-wrap\"><span class=\"wpr-feature-list-line\"><\/span><div class=\"wpr-feature-list-icon-inner-wrap\"><svg aria-hidden=\"true\" class=\"e-font-icon-svg e-far-money-bill-alt\" viewBox=\"0 0 640 512\" xmlns=\"http:\/\/www.w3.org\/2000\/svg\"><path d=\"M320 144c-53.02 0-96 50.14-96 112 0 61.85 42.98 112 96 112 53 0 96-50.13 96-112 0-61.86-42.98-112-96-112zm40 168c0 4.42-3.58 8-8 8h-64c-4.42 0-8-3.58-8-8v-16c0-4.42 3.58-8 8-8h16v-55.44l-.47.31a7.992 7.992 0 0 1-11.09-2.22l-8.88-13.31a7.992 7.992 0 0 1 2.22-11.09l15.33-10.22a23.99 23.99 0 0 1 13.31-4.03H328c4.42 0 8 3.58 8 8v88h16c4.42 0 8 3.58 8 8v16zM608 64H32C14.33 64 0 78.33 0 96v320c0 17.67 14.33 32 32 32h576c17.67 0 32-14.33 32-32V96c0-17.67-14.33-32-32-32zm-16 272c-35.35 0-64 28.65-64 64H112c0-35.35-28.65-64-64-64V176c35.35 0 64-28.65 64-64h416c0 35.35 28.65 64 64 64v160z\"><\/path><\/svg><\/div><\/div><div class=\"wpr-feature-list-content-wrap\"><h2 class=\"wpr-feature-list-title\"><a class=\"wpr-feature-list-url\" target=\"_blank\" rel=\"nofollow\"><\/a><\/h2><p class=\"wpr-feature-list-description\"><font size=\"4\">Asesor\u00eda financiera: Te ayudamos a analizar tu situaci\u00f3n financiera actual, identificar tus objetivos y dise\u00f1ar un plan de acci\u00f3n que te permita lograrlos. Te orientamos sobre c\u00f3mo administrar tus ingresos y gastos, c\u00f3mo ahorrar e invertir tu dinero, c\u00f3mo reducir tus deudas y c\u00f3mo proteger tu patrimonio<\/p><\/div><\/li><li class=\"wpr-feature-list-item elementor-repeater-item-c0b41e1\"><div class=\"wpr-feature-list-icon-wrap\"><span class=\"wpr-feature-list-line\"><\/span><div class=\"wpr-feature-list-icon-inner-wrap\"><svg aria-hidden=\"true\" class=\"e-font-icon-svg e-far-id-badge\" viewBox=\"0 0 384 512\" xmlns=\"http:\/\/www.w3.org\/2000\/svg\"><path d=\"M336 0H48C21.5 0 0 21.5 0 48v416c0 26.5 21.5 48 48 48h288c26.5 0 48-21.5 48-48V48c0-26.5-21.5-48-48-48zm0 464H48V48h288v416zM144 112h96c8.8 0 16-7.2 16-16s-7.2-16-16-16h-96c-8.8 0-16 7.2-16 16s7.2 16 16 16zm48 176c35.3 0 64-28.7 64-64s-28.7-64-64-64-64 28.7-64 64 28.7 64 64 64zm-89.6 128h179.2c12.4 0 22.4-8.6 22.4-19.2v-19.2c0-31.8-30.1-57.6-67.2-57.6-10.8 0-18.7 8-44.8 8-26.9 0-33.4-8-44.8-8-37.1 0-67.2 25.8-67.2 57.6v19.2c0 10.6 10 19.2 22.4 19.2z\"><\/path><\/svg><\/div><\/div><div class=\"wpr-feature-list-content-wrap\"><h2 class=\"wpr-feature-list-title\"><a class=\"wpr-feature-list-url\" target=\"_blank\" rel=\"nofollow\"><\/a><\/h2><p class=\"wpr-feature-list-description\">Ahorro personal: Te ayudamos a crear y mantener fondos de emergencia,  educaci\u00f3n, para la vivienda, ocio o cualquier otro prop\u00f3sito que tengas. Te ense\u00f1amos c\u00f3mo ahorrar de forma inteligente y eficiente, aprovechando los instrumentos financieros m\u00e1s adecuados para tu perfil y tus objetivos.<\/p><\/div><\/li><li class=\"wpr-feature-list-item elementor-repeater-item-91550ec\"><div class=\"wpr-feature-list-icon-wrap\"><span class=\"wpr-feature-list-line\"><\/span><div class=\"wpr-feature-list-icon-inner-wrap\"><svg aria-hidden=\"true\" class=\"e-font-icon-svg e-far-gem\" viewBox=\"0 0 576 512\" xmlns=\"http:\/\/www.w3.org\/2000\/svg\"><path d=\"M464 0H112c-4 0-7.8 2-10 5.4L2 152.6c-2.9 4.4-2.6 10.2.7 14.2l276 340.8c4.8 5.9 13.8 5.9 18.6 0l276-340.8c3.3-4.1 3.6-9.8.7-14.2L474.1 5.4C471.8 2 468.1 0 464 0zm-19.3 48l63.3 96h-68.4l-51.7-96h56.8zm-202.1 0h90.7l51.7 96H191l51.6-96zm-111.3 0h56.8l-51.7 96H68l63.3-96zm-43 144h51.4L208 352 88.3 192zm102.9 0h193.6L288 435.3 191.2 192zM368 352l68.2-160h51.4L368 352z\"><\/path><\/svg><\/div><\/div><div class=\"wpr-feature-list-content-wrap\"><h2 class=\"wpr-feature-list-title\"><a class=\"wpr-feature-list-url\" target=\"_blank\" rel=\"nofollow\"><\/a><\/h2><p class=\"wpr-feature-list-description\">Inversi\u00f3n en portafolios: Te ayudamos a invertir tu dinero en portafolios diversificados y rentables, que se ajusten a tu nivel de riesgo*, horizonte temporal y preferencias. <\/p><\/div><\/li><\/ul><\/div>\t\t\t\t<\/div>\n\t\t\t\t<\/div>\n\t\t\t\t<div class=\"elementor-element elementor-element-a16df15 elementor-widget elementor-widget-text-editor\" data-id=\"a16df15\" data-element_type=\"widget\" data-e-type=\"widget\" data-widget_type=\"text-editor.default\">\n\t\t\t\t<div class=\"elementor-widget-container\">\n\t\t\t\t\t\t\t\t\t<p><font size=\"4\"><b><i>En <span data-renderer-mark=\"true\">GSA<\/span> somos consultores financieros, no corredores de valores. Esto significa que no compramos ni vendemos valores por cuenta propia ni por cuenta de nuestros clientes. Nuestro servicio consiste en educar y asesorar a nuestros clientes sobre c\u00f3mo invertir su dinero en portafolios diversificados y rentables, que se ajusten a su perfil y objetivos.<\/i><\/b><\/font><\/p><font size=\"4\">\n<\/font>\t\t\t\t\t\t\t\t<\/div>\n\t\t\t\t<\/div>\n\t\t\t\t\t<\/div>\n\t\t<\/div>\n\t\t\t\t\t<\/div>\n\t\t<\/section>\n\t\t\t\t<section class=\"elementor-section elementor-top-section elementor-element elementor-element-26c833d4 elementor-section-boxed elementor-section-height-default elementor-section-height-default wpr-particle-no wpr-jarallax-no wpr-parallax-no wpr-sticky-section-no wpr-equal-height-no\" data-id=\"26c833d4\" data-element_type=\"section\" data-e-type=\"section\" data-settings=\"{&quot;background_background&quot;:&quot;classic&quot;}\">\n\t\t\t\t\t\t<div class=\"elementor-container elementor-column-gap-default\">\n\t\t\t\t\t<div class=\"elementor-column elementor-col-33 elementor-top-column elementor-element elementor-element-1e5d683f\" data-id=\"1e5d683f\" data-element_type=\"column\" data-e-type=\"column\">\n\t\t\t<div class=\"elementor-widget-wrap elementor-element-populated\">\n\t\t\t\t\t\t<div class=\"elementor-element elementor-element-1791d0af wpr-logo-position-center elementor-widget elementor-widget-wpr-logo\" data-id=\"1791d0af\" data-element_type=\"widget\" data-e-type=\"widget\" data-widget_type=\"wpr-logo.default\">\n\t\t\t\t<div class=\"elementor-widget-container\">\n\t\t\t\t\t\t\t\t\n\t\t\t<div class=\"wpr-logo elementor-clearfix\">\n\n\t\t\t\t\n\t\t\t\t\n\t\t\t\t\t\t\t\t\t<a class=\"wpr-logo-url\" rel=\"home\" aria-label=\"\" href=\"https:\/\/gsacontadores.com\/\"><\/a>\n\t\t\t\t\n\t\t\t<\/div>\n\t\t\t\t\n\t\t\t\t\t\t<\/div>\n\t\t\t\t<\/div>\n\t\t\t\t<div class=\"elementor-element elementor-element-5e43ab84 elementor-widget elementor-widget-text-editor\" data-id=\"5e43ab84\" data-element_type=\"widget\" data-e-type=\"widget\" data-widget_type=\"text-editor.default\">\n\t\t\t\t<div class=\"elementor-widget-container\">\n\t\t\t\t\t\t\t\t\t<p>\u00a92023 Gonz\u00e1lez, S\u00e1nchez &amp; Asociados S.C. RIF J303014780<\/p>\t\t\t\t\t\t\t\t<\/div>\n\t\t\t\t<\/div>\n\t\t\t\t\t<\/div>\n\t\t<\/div>\n\t\t\t\t<div class=\"elementor-column elementor-col-33 elementor-top-column elementor-element elementor-element-4fe43a0\" data-id=\"4fe43a0\" data-element_type=\"column\" data-e-type=\"column\">\n\t\t\t<div class=\"elementor-widget-wrap elementor-element-populated\">\n\t\t\t\t\t\t<div class=\"elementor-element elementor-element-72753f75 elementor-grid-3 elementor-shape-rounded e-grid-align-center elementor-widget elementor-widget-social-icons\" data-id=\"72753f75\" data-element_type=\"widget\" data-e-type=\"widget\" data-widget_type=\"social-icons.default\">\n\t\t\t\t<div class=\"elementor-widget-container\">\n\t\t\t\t\t\t\t<div class=\"elementor-social-icons-wrapper elementor-grid\" role=\"list\">\n\t\t\t\t\t\t\t<span class=\"elementor-grid-item\" role=\"listitem\">\n\t\t\t\t\t<a class=\"elementor-icon elementor-social-icon elementor-social-icon-instagram elementor-repeater-item-8c36886\" href=\"https:\/\/www.instagram.com\/gsacontadores\/\" target=\"_blank\">\n\t\t\t\t\t\t<span class=\"elementor-screen-only\">Instagram<\/span>\n\t\t\t\t\t\t<svg aria-hidden=\"true\" class=\"e-font-icon-svg e-fab-instagram\" viewBox=\"0 0 448 512\" xmlns=\"http:\/\/www.w3.org\/2000\/svg\"><path d=\"M224.1 141c-63.6 0-114.9 51.3-114.9 114.9s51.3 114.9 114.9 114.9S339 319.5 339 255.9 287.7 141 224.1 141zm0 189.6c-41.1 0-74.7-33.5-74.7-74.7s33.5-74.7 74.7-74.7 74.7 33.5 74.7 74.7-33.6 74.7-74.7 74.7zm146.4-194.3c0 14.9-12 26.8-26.8 26.8-14.9 0-26.8-12-26.8-26.8s12-26.8 26.8-26.8 26.8 12 26.8 26.8zm76.1 27.2c-1.7-35.9-9.9-67.7-36.2-93.9-26.2-26.2-58-34.4-93.9-36.2-37-2.1-147.9-2.1-184.9 0-35.8 1.7-67.6 9.9-93.9 36.1s-34.4 58-36.2 93.9c-2.1 37-2.1 147.9 0 184.9 1.7 35.9 9.9 67.7 36.2 93.9s58 34.4 93.9 36.2c37 2.1 147.9 2.1 184.9 0 35.9-1.7 67.7-9.9 93.9-36.2 26.2-26.2 34.4-58 36.2-93.9 2.1-37 2.1-147.8 0-184.8zM398.8 388c-7.8 19.6-22.9 34.7-42.6 42.6-29.5 11.7-99.5 9-132.1 9s-102.7 2.6-132.1-9c-19.6-7.8-34.7-22.9-42.6-42.6-11.7-29.5-9-99.5-9-132.1s-2.6-102.7 9-132.1c7.8-19.6 22.9-34.7 42.6-42.6 29.5-11.7 99.5-9 132.1-9s102.7-2.6 132.1 9c19.6 7.8 34.7 22.9 42.6 42.6 11.7 29.5 9 99.5 9 132.1s2.7 102.7-9 132.1z\"><\/path><\/svg>\t\t\t\t\t<\/a>\n\t\t\t\t<\/span>\n\t\t\t\t\t\t\t<span class=\"elementor-grid-item\" role=\"listitem\">\n\t\t\t\t\t<a class=\"elementor-icon elementor-social-icon elementor-social-icon-twitter elementor-repeater-item-785bba2\" href=\"https:\/\/twitter.com\/gsacontadores\/status\/1318186200042188804\" target=\"_blank\">\n\t\t\t\t\t\t<span class=\"elementor-screen-only\">Twitter<\/span>\n\t\t\t\t\t\t<svg aria-hidden=\"true\" class=\"e-font-icon-svg e-fab-twitter\" viewBox=\"0 0 512 512\" xmlns=\"http:\/\/www.w3.org\/2000\/svg\"><path d=\"M459.37 151.716c.325 4.548.325 9.097.325 13.645 0 138.72-105.583 298.558-298.558 298.558-59.452 0-114.68-17.219-161.137-47.106 8.447.974 16.568 1.299 25.34 1.299 49.055 0 94.213-16.568 130.274-44.832-46.132-.975-84.792-31.188-98.112-72.772 6.498.974 12.995 1.624 19.818 1.624 9.421 0 18.843-1.3 27.614-3.573-48.081-9.747-84.143-51.98-84.143-102.985v-1.299c13.969 7.797 30.214 12.67 47.431 13.319-28.264-18.843-46.781-51.005-46.781-87.391 0-19.492 5.197-37.36 14.294-52.954 51.655 63.675 129.3 105.258 216.365 109.807-1.624-7.797-2.599-15.918-2.599-24.04 0-57.828 46.782-104.934 104.934-104.934 30.213 0 57.502 12.67 76.67 33.137 23.715-4.548 46.456-13.32 66.599-25.34-7.798 24.366-24.366 44.833-46.132 57.827 21.117-2.273 41.584-8.122 60.426-16.243-14.292 20.791-32.161 39.308-52.628 54.253z\"><\/path><\/svg>\t\t\t\t\t<\/a>\n\t\t\t\t<\/span>\n\t\t\t\t\t<\/div>\n\t\t\t\t\t\t<\/div>\n\t\t\t\t<\/div>\n\t\t\t\t\t<\/div>\n\t\t<\/div>\n\t\t\t\t<div class=\"elementor-column elementor-col-33 elementor-top-column elementor-element elementor-element-4791f361\" data-id=\"4791f361\" data-element_type=\"column\" data-e-type=\"column\">\n\t\t\t<div class=\"elementor-widget-wrap elementor-element-populated\">\n\t\t\t\t\t\t<div class=\"elementor-element elementor-element-63afeb52 elementor-widget elementor-widget-image\" data-id=\"63afeb52\" data-element_type=\"widget\" data-e-type=\"widget\" data-widget_type=\"image.default\">\n\t\t\t\t<div class=\"elementor-widget-container\">\n\t\t\t\t\t\t\t\t\t\t\t\t\t\t\t<img decoding=\"async\" src=\"https:\/\/gsacontadores.com\/wp-content\/uploads\/elementor\/thumbs\/cropped-gsa-qetnhnmcv6rlimg3rqp2z8pwhnwxwggerh25j5d1v2.png\" title=\"cropped-gsa.png\" alt=\"cropped-gsa.png\" loading=\"lazy\" \/>\t\t\t\t\t\t\t\t\t\t\t\t\t\t\t<\/div>\n\t\t\t\t<\/div>\n\t\t\t\t\t<\/div>\n\t\t<\/div>\n\t\t\t\t\t<\/div>\n\t\t<\/section>\n\t\t\t\t<\/div>\n\t\t","protected":false},"excerpt":{"rendered":"<p>Consultor\u00eda financiera\u200b \u00bfQuieres ahorrar, planificar y mejorar tu situaci\u00f3n financiera? \u00a0 En GSA ofrecemos un servicio de calidad, profesional y personalizado que se adapta a tus necesidades. Nuestros servicios de consultor\u00eda financiera incluyen: Asesor\u00eda financiera: Te ayudamos a analizar tu situaci\u00f3n financiera actual, identificar tus objetivos y dise\u00f1ar un plan de acci\u00f3n que te permita lograrlos. Te orientamos sobre c\u00f3mo administrar tus ingresos y gastos, c\u00f3mo ahorrar e invertir tu dinero, c\u00f3mo reducir tus deudas y c\u00f3mo proteger tu patrimonio Ahorro personal: Te ayudamos a crear y mantener fondos de emergencia, educaci\u00f3n, para la vivienda, ocio o cualquier otro prop\u00f3sito que tengas. Te ense\u00f1amos c\u00f3mo ahorrar de forma inteligente y eficiente, aprovechando los instrumentos financieros m\u00e1s adecuados para tu perfil y tus objetivos. Inversi\u00f3n en portafolios: Te ayudamos a invertir tu dinero en portafolios diversificados y rentables, que se ajusten a tu nivel de riesgo*, horizonte temporal y preferencias. En GSA somos consultores financieros, no corredores de valores. Esto significa que no compramos ni vendemos valores por cuenta propia ni por cuenta de nuestros clientes. Nuestro servicio consiste en educar y asesorar a nuestros clientes sobre c\u00f3mo invertir su dinero en portafolios diversificados y rentables, que se ajusten a su perfil y objetivos. \u00a92023 Gonz\u00e1lez, S\u00e1nchez &amp; Asociados S.C. RIF J303014780 Instagram Twitter<\/p>\n","protected":false},"author":1,"featured_media":0,"parent":0,"menu_order":0,"comment_status":"closed","ping_status":"closed","template":"","meta":{"footnotes":""},"class_list":["post-356","page","type-page","status-publish","hentry"],"rttpg_featured_image_url":null,"rttpg_author":{"display_name":"Gilberto Gonz\u00e1lez","author_link":"https:\/\/gsacontadores.com\/index.php\/author\/gigacon\/"},"rttpg_comment":0,"rttpg_category":null,"rttpg_excerpt":"Consultor\u00eda financiera\u200b \u00bfQuieres ahorrar, planificar y mejorar tu situaci\u00f3n financiera? \u00a0 En GSA ofrecemos un servicio de calidad, profesional y personalizado que se adapta a tus necesidades. Nuestros servicios de consultor\u00eda financiera incluyen: Asesor\u00eda financiera: Te ayudamos a analizar tu situaci\u00f3n financiera actual, identificar tus objetivos y dise\u00f1ar un plan de acci\u00f3n que te permita&hellip;","_links":{"self":[{"href":"https:\/\/gsacontadores.com\/index.php\/wp-json\/wp\/v2\/pages\/356","targetHints":{"allow":["GET"]}}],"collection":[{"href":"https:\/\/gsacontadores.com\/index.php\/wp-json\/wp\/v2\/pages"}],"about":[{"href":"https:\/\/gsacontadores.com\/index.php\/wp-json\/wp\/v2\/types\/page"}],"author":[{"embeddable":true,"href":"https:\/\/gsacontadores.com\/index.php\/wp-json\/wp\/v2\/users\/1"}],"replies":[{"embeddable":true,"href":"https:\/\/gsacontadores.com\/index.php\/wp-json\/wp\/v2\/comments?post=356"}],"version-history":[{"count":13,"href":"https:\/\/gsacontadores.com\/index.php\/wp-json\/wp\/v2\/pages\/356\/revisions"}],"predecessor-version":[{"id":856,"href":"https:\/\/gsacontadores.com\/index.php\/wp-json\/wp\/v2\/pages\/356\/revisions\/856"}],"wp:attachment":[{"href":"https:\/\/gsacontadores.com\/index.php\/wp-json\/wp\/v2\/media?parent=356"}],"curies":[{"name":"wp","href":"https:\/\/api.w.org\/{rel}","templated":true}]}}